{"id":477,"date":"2025-02-05T20:57:28","date_gmt":"2025-02-05T20:57:28","guid":{"rendered":"https:\/\/jannah.ca\/learn\/?page_id=477"},"modified":"2026-02-20T14:08:56","modified_gmt":"2026-02-20T14:08:56","slug":"umrah-canada-packages-en","status":"publish","type":"page","link":"https:\/\/jannah.ca\/learn\/umrah-canada-packages-en\/","title":{"rendered":"UMRAH CANADA Registration"},"content":{"rendered":"<div class=\"brz-root__container brz-reset-all\">\n<section id=\"r_jYE1xxQDVd\" class=\"brz-section brz-css-wumEl brz-css-nQ8Q9\">\n<div class=\"brz-section__content brz-section--boxed brz-css-hXmSU brz-css-gDWQP\" data-brz-custom-id=\"pIDfoQXo9b9G\">\n<div class=\"brz-bg\">\n<div class=\"brz-bg-color\"><\/div>\n<\/div>\n<div class=\"brz-container brz-css-jNR6m\">\n<div class=\"brz-row__container brz-css-czycq\" data-brz-custom-id=\"lcjSDOgZusY3\">\n<div class=\"brz-bg\"><\/div>\n<div class=\"brz-row brz-css-xg9u3 brz-css-iznFu\">\n<div data-brz-iteration-count=\"1\" class=\"brz-columns brz-css-nPWpd brz-css-rFNme brz-css-jdLeX brz-animated brz-css-yfspw brz-css-zAjaY\" data-brz-custom-id=\"t2nmdHi9Rn5K\">\n<div class=\"brz-bg\"><\/div>\n<div class=\"brz-column__items brz-css-n2j4p brz-css-jlOkV\">\n<div id class=\"brz-css-sRV0r brz-css-zTOto brz-wrapper\">\n<div class=\"brz-rich-text brz-rich-text__custom brz-css-zuIKI\" data-brz-custom-id=\"dgH_H0dk8INa\">\n<div data-brz-translate-text=\"1\">\n<p class=\"brz-text-lg-center brz-tp-sm-abovetitle brz-tp-xs-abovetitle brz-tp-lg-empty brz-ff-teko brz-ft-google brz-fs-lg-28 brz-fss-lg-px brz-fw-lg-400 brz-ls-lg-0 brz-lh-lg-1_5 brz-vfw-lg-400 brz-fwdth-lg-100 brz-fsft-lg-0 brz-css-dOmnR\" data-uniq-id=\"bqDc0\" data-generated-css=\"brz-css-zKXie\"><strong class=\"brz-cp-color2\">\u279a UMRAH PRE-REGISTRATION<\/strong><\/p>\n<\/div>\n<\/div>\n<\/div>\n<div id class=\"brz-css-sRV0r brz-wrapper\">\n<div data-brz-form-version=\"2\" class=\"brz-forms2 brz-css-wtJuS\" data-brz-custom-id=\"kRrQ4mrbdLTo\">\n<div data-brz-translate-text=\"1\" class=\"brz-forms2__item brz-css-xJu2P brz-css-jZTn1 brz-css-oKHAW\"><label class=\"brz-label brz-forms2__field-label\" for=\"cP5jh0BXNOpr\">NUMBER OF MALES IN YOUR GROUP \/ Nombre d&#x27;hommes<\/label><\/div>\n<div data-brz-translate-text=\"1\" class=\"brz-forms2__item brz-css-xJu2P brz-css-jZTn1 brz-css-oKHAW\"><label class=\"brz-label brz-forms2__field-label\" for=\"zaWaPJngWUAQ\">NUMBER OF FEMALES IN YOUR GROUP \/ Nombre de femmes (ONLY WITH MAHRAM)<\/label><\/div>\n<div data-brz-translate-text=\"1\" class=\"brz-forms2__item brz-css-xJu2P brz-css-jZTn1 brz-css-oKHAW\"><label class=\"brz-label brz-forms2__field-label\" for=\"f66ogM0C2xOA\">YOUR DEPARTURE CITY \/ Ville de d\u00e9part<\/label><\/p>\n<div class=\"brz-forms2__field brz-forms2__field-select brz-css-urgWY brz-css-enyQ1\">YOUR DEPARTURE CITY \/ Ville de d\u00e9partTorontoMontrealEdmontonVancouverCalgaryOttawa<\/div>\n<\/div>\n<div data-brz-translate-text=\"1\" class=\"brz-forms2__item brz-css-xJu2P brz-css-jZTn1 brz-css-oKHAW\"><label class=\"brz-label brz-forms2__field-label\" for=\"n4KbKLJWKTdO\">PICK YOUR YOUR DATES \/ Dates pr\u00e9f\u00e9r\u00e9es<\/label><\/p>\n<div class=\"brz-forms2__field brz-forms2__field-select brz-css-urgWY brz-css-enyQ1\">PICK YOUR YOUR DATES \/ Dates pr\u00e9f\u00e9r\u00e9esApril 2026 <\/div>\n<\/div>\n<div data-brz-translate-text=\"1\" class=\"brz-forms2__item brz-css-xJu2P brz-css-jZTn1 brz-css-oKHAW\"><label class=\"brz-label brz-forms2__field-label\" for=\"zMH_TnTdlyL4\">YOUR ACCOMODATIONS \/ Hotels (Makkah &amp; Madina)<\/label><\/p>\n<div class=\"brz-forms2__field brz-forms2__field-select brz-css-urgWY brz-css-enyQ1\">YOUR ACCOMODATIONS \/ Hotels (Makkah &amp; Madina)HOTEL WITH EASY SHUTTLE BUS TO HARAM (Avec navette rapide vers Haram) : $0VERY CLOSE TO HARAM WITH BREAKFAST (Tr\u00e8s proche du Haram et P&#x27;tit D\u00e9j) : $450 Extra<\/div>\n<\/div>\n<div data-brz-translate-text=\"1\" class=\"brz-forms2__item brz-css-xJu2P brz-css-jZTn1 brz-css-oKHAW\"><label class=\"brz-label brz-forms2__field-label\" for=\"ezi2CobT6r2N\">YOUR FIRST NAME \/ Pr\u00e9nom<\/label><\/div>\n<div data-brz-translate-text=\"1\" class=\"brz-forms2__item brz-css-xJu2P brz-css-jZTn1 brz-css-oKHAW\"><label class=\"brz-label brz-forms2__field-label\" for=\"tisdnVKVXPby\">YOUR EMAIL ADDRESS<\/label><\/div>\n<div data-brz-translate-text=\"1\" class=\"brz-forms2__item brz-css-xJu2P brz-css-jZTn1 brz-css-oKHAW\"><label class=\"brz-label brz-forms2__field-label\" for=\"dWd2CQt66yRz\">YOUR PHONE NUMBER<\/label><\/div>\n<div data-brz-translate-text=\"1\" class=\"brz-forms2__item brz-css-xJu2P brz-css-jZTn1 brz-css-oKHAW\"><label class=\"brz-label brz-forms2__field-label\" for=\"ueRGrFuxYxPL\">COMMUNICATION LANGUAGES \/ Langues de communication<\/label><\/p>\n<div class=\"brz-forms2__field brz-forms2__field-select brz-css-urgWY brz-css-enyQ1\">COMMUNICATION LANGUAGES \/ Langues de communicationEnglish Only (No French)Fran\u00e7ais Seulement (Pas d&#x27;anglais)English + Fran\u00e7ais<\/div>\n<\/div>\n<div data-brz-translate-text=\"1\" class=\"brz-forms2__item brz-css-xJu2P brz-css-jZTn1 brz-css-oKHAW brz-css-xnKEH\"><label class=\"brz-label brz-forms2__field-label\" for=\"hR0LjaOOQZHU\">ANY SPECIAL REQUEST? \/ Requ\u00eates sp\u00e9ciales<\/label><textarea id=\"hR0LjaOOQZHU\" name=\"psvQbXhALPSP\" data-brz-type=\"Paragraph\" data-brz-label=\"ANY SPECIAL REQUEST? \/ Requ\u00eates sp\u00e9ciales\" data-brz-placeholder class=\"brz-textarea brz-forms2__field brz-forms2__field-paragraph brz-p-events--none\"><\/textarea><\/div>\n<div class=\"brz-forms2 brz-forms2__item brz-forms2__item-button\" data-brz-custom-id=\"kRrQ4mrbdLTo\"><button class=\"brz-btn brz-btn-submit brz-css-gH80O brz-css-w7J73\" data-brz-custom-id=\"sDwpXqIUrimZ\"><span data-brz-translate-text=\"1\" class=\"brz-span brz-text__editor\">SEND<\/span><\/button>!function(){function t(t){this.element=t,this.animationId,this.start=null,this.init()}if(!window.requestAnimationFrame){var i=null;window.requestAnimationFrame=function(t,n){var e=(new Date).getTime();i||(i=e);var a=Math.max(0,16-(e-i)),o=window.setTimeout(function(){t(e+a)},a);return i=e+a,o}}t.prototype.init=function(){var t=this;this.animationId=window.requestAnimationFrame(t.triggerAnimation.bind(t))},t.prototype.reset=function(){var t=this;window.cancelAnimationFrame(t.animationId)},t.prototype.triggerAnimation=function(t){var i=this;this.start||(this.start=t);var n=t-this.start;504&gt;n||(this.start=this.start+504),this.element.setAttribute(&quot;transform&quot;,&quot;rotate(&quot;+Math.min(n\/1.4,360)+&quot; 12 12)&quot;);if(document.documentElement.contains(this.element))window.requestAnimationFrame(i.triggerAnimation.bind(i))};var n=document.getElementsByClassName(&quot;nc-loop_circle-02-24&quot;),e=[];if(n)for(var a=0;n.length&gt;a;a++)!function(i){e.push(new t(n[i]))}(a);document.addEventListener(&quot;visibilitychange&quot;,function(){&quot;hidden&quot;==document.visibilityState?e.forEach(function(t){t.reset()}):e.forEach(function(t){t.init()})})}();<\/div>\n<\/div>\n<\/div>\n<div id class=\"brz-css-sRV0r brz-css-paznd brz-wrapper\">\n<div class=\"brz-rich-text brz-rich-text__custom brz-css-zuIKI\" data-brz-custom-id=\"ywVOBaBELut2\">\n<div data-brz-translate-text=\"1\">\n<p class=\"brz-tp-xs-heading6 brz-tp-sm-heading6 brz-text-lg-center brz-tp-lg-heading6 brz-css-qiyYa\" data-uniq-id=\"pYyEe\" data-generated-css=\"brz-css-gTiWc\"><\/p>\n<\/div>\n<\/div>\n<\/div>\n<\/div>\n<\/div>\n<\/div>\n<\/div>\n<\/div>\n<\/div>\n<\/section>\n<\/div>\n<p>    <!-- version:1771596536 --><\/p>\n","protected":false},"excerpt":{"rendered":"<p>\u279a UMRAH PRE-REGISTRATION NUMBER OF MALES IN YOUR GROUP \/ Nombre d&#x27;hommes NUMBER OF FEMALES IN YOUR GROUP \/ Nombre de femmes (ONLY WITH MAHRAM) YOUR DEPARTURE CITY \/ Ville de d\u00e9part YOUR DEPARTURE CITY \/ Ville de d\u00e9partTorontoMontrealEdmontonVancouverCalgaryOttawa PICK YOUR YOUR DATES \/ Dates pr\u00e9f\u00e9r\u00e9es PICK YOUR YOUR DATES \/ Dates pr\u00e9f\u00e9r\u00e9esApril 2026 YOUR [&hellip;]<\/p>\n","protected":false},"author":1,"featured_media":0,"parent":0,"menu_order":0,"comment_status":"closed","ping_status":"closed","template":"brizy-blank-template.php","meta":{"footnotes":""},"class_list":["post-477","page","type-page","status-publish","hentry"],"_links":{"self":[{"href":"https:\/\/jannah.ca\/learn\/wp-json\/wp\/v2\/pages\/477","targetHints":{"allow":["GET"]}}],"collection":[{"href":"https:\/\/jannah.ca\/learn\/wp-json\/wp\/v2\/pages"}],"about":[{"href":"https:\/\/jannah.ca\/learn\/wp-json\/wp\/v2\/types\/page"}],"author":[{"embeddable":true,"href":"https:\/\/jannah.ca\/learn\/wp-json\/wp\/v2\/users\/1"}],"replies":[{"embeddable":true,"href":"https:\/\/jannah.ca\/learn\/wp-json\/wp\/v2\/comments?post=477"}],"version-history":[{"count":24,"href":"https:\/\/jannah.ca\/learn\/wp-json\/wp\/v2\/pages\/477\/revisions"}],"predecessor-version":[{"id":1046,"href":"https:\/\/jannah.ca\/learn\/wp-json\/wp\/v2\/pages\/477\/revisions\/1046"}],"wp:attachment":[{"href":"https:\/\/jannah.ca\/learn\/wp-json\/wp\/v2\/media?parent=477"}],"curies":[{"name":"wp","href":"https:\/\/api.w.org\/{rel}","templated":true}]}}